{"id":90,"date":"2024-01-31T15:57:00","date_gmt":"2024-01-31T14:57:00","guid":{"rendered":"https:\/\/elise-roy.fr\/?page_id=90"},"modified":"2024-08-12T17:03:22","modified_gmt":"2024-08-12T15:03:22","slug":"conseil-en-communication","status":"publish","type":"page","link":"https:\/\/elise-roy.fr\/index.php\/votre-communication\/conseil-en-communication\/","title":{"rendered":"Conseil en communication"},"content":{"rendered":"\n<figure class=\"wp-block-image alignfull size-full\"><img loading=\"lazy\" decoding=\"async\" width=\"1500\" height=\"844\" src=\"https:\/\/elise-roy.fr\/wp-content\/uploads\/2024\/02\/concept-lieu-travail-espace-travail-bureau-desordonne-edited.jpg\" alt=\"\" class=\"wp-image-364\" srcset=\"https:\/\/elise-roy.fr\/wp-content\/uploads\/2024\/02\/concept-lieu-travail-espace-travail-bureau-desordonne-edited.jpg 1500w, https:\/\/elise-roy.fr\/wp-content\/uploads\/2024\/02\/concept-lieu-travail-espace-travail-bureau-desordonne-edited-300x169.jpg 300w, https:\/\/elise-roy.fr\/wp-content\/uploads\/2024\/02\/concept-lieu-travail-espace-travail-bureau-desordonne-edited-1024x576.jpg 1024w, https:\/\/elise-roy.fr\/wp-content\/uploads\/2024\/02\/concept-lieu-travail-espace-travail-bureau-desordonne-edited-500x281.jpg 500w, https:\/\/elise-roy.fr\/wp-content\/uploads\/2024\/02\/concept-lieu-travail-espace-travail-bureau-desordonne-edited-800x450.jpg 800w, https:\/\/elise-roy.fr\/wp-content\/uploads\/2024\/02\/concept-lieu-travail-espace-travail-bureau-desordonne-edited-1280x720.jpg 1280w\" sizes=\"auto, (max-width: 1500px) 100vw, 1500px\" \/><\/figure>\n\n\n\n<div class=\"wp-block-columns is-layout-flex wp-container-core-columns-is-layout-28f84493 wp-block-columns-is-layout-flex\">\n<div class=\"wp-block-column is-layout-flow wp-block-column-is-layout-flow\">\n<h3 class=\"wp-block-heading has-text-align-center\">Collectivit\u00e9s et \u00e9tablissements publics<\/h3>\n\n\n\n<p class=\"has-text-align-center\">Avec plus de 10 ans d\u2019exp\u00e9rience au sein de collectivit\u00e9s territoriales et \u00e9tablissements publics, je vous accompagne dans la mise en valeur de votre territoire et de vos services au citoyen (am\u00e9nagement, enfance, culture, sport, transition \u00e9cologique, citoyennet\u00e9&#8230;).<\/p>\n<\/div>\n\n\n\n<div class=\"wp-block-column is-layout-flow wp-block-column-is-layout-flow\">\n<h3 class=\"wp-block-heading has-text-align-center\"><strong>Ind\u00e9pendants, TPE et PME<\/strong><\/h3>\n\n\n\n<p class=\"has-text-align-center\">Avec plus de 5 ans d\u2019exp\u00e9rience au sein d\u2019entreprises vari\u00e9es (industrie, laboratoires pharmaceutiques, conseil en ressources humaines, artisan, psychologue, photographe\u2026), je vous accompagne dans la mise en valeur de vos services et produits, pour toucher les bons clients.<\/p>\n<\/div>\n<\/div>\n\n\n\n<hr class=\"wp-block-separator has-alpha-channel-opacity\"\/>\n\n\n\n<h2 class=\"wp-block-heading\">Conseil strat\u00e9gique<\/h2>\n\n\n\n<p>Je vous accompagne dans diff\u00e9rentes facettes de votre communication :<\/p>\n\n\n\n<ul class=\"wp-block-list\">\n<li>Strat\u00e9gie digitale et webmarketing<\/li>\n\n\n\n<li>Ligne \u00e9ditoriale pour les r\u00e9seaux sociaux ou bulletins municipaux<\/li>\n\n\n\n<li>Plans de communication interne et externe<\/li>\n\n\n\n<li>D\u00e9finition du positionnement, choix de nom<\/li>\n\n\n\n<li>Modernisation de l\u2019identit\u00e9 visuelle<\/li>\n<\/ul>\n\n\n\n<h2 class=\"wp-block-heading has-text-align-left\"><strong>Une formule en 3 \u00e9tapes<\/strong><\/h2>\n\n\n\n<div class=\"wp-block-columns is-layout-flex wp-container-core-columns-is-layout-28f84493 wp-block-columns-is-layout-flex\">\n<div class=\"wp-block-column is-layout-flow wp-block-column-is-layout-flow\">\n<figure class=\"wp-block-image aligncenter size-full\"><img loading=\"lazy\" decoding=\"async\" width=\"76\" height=\"76\" src=\"https:\/\/elise-roy.fr\/wp-content\/uploads\/2024\/02\/picto_1.png\" alt=\"\" class=\"wp-image-205\"\/><\/figure>\n\n\n\n<h3 class=\"wp-block-heading has-text-align-center\"><strong>1. Audit<\/strong><\/h3>\n\n\n\n<p class=\"has-text-align-center\">de votre probl\u00e9matique de communication<\/p>\n<\/div>\n\n\n\n<div class=\"wp-block-column is-layout-flow wp-block-column-is-layout-flow\">\n<figure class=\"wp-block-image aligncenter size-full\"><img loading=\"lazy\" decoding=\"async\" width=\"76\" height=\"76\" src=\"https:\/\/elise-roy.fr\/wp-content\/uploads\/2024\/02\/picto_2.png\" alt=\"\" class=\"wp-image-206\"\/><\/figure>\n\n\n\n<h3 class=\"wp-block-heading has-text-align-center\">2. D\u00e9finition<\/h3>\n\n\n\n<p class=\"has-text-align-center\">d&rsquo;une strat\u00e9gie r\u00e9pondant \u00e0 vos enjeux<\/p>\n<\/div>\n\n\n\n<div class=\"wp-block-column is-layout-flow wp-block-column-is-layout-flow\">\n<figure class=\"wp-block-image aligncenter size-full\"><img loading=\"lazy\" decoding=\"async\" width=\"76\" height=\"76\" src=\"https:\/\/elise-roy.fr\/wp-content\/uploads\/2024\/02\/picto_3.png\" alt=\"\" class=\"wp-image-207\"\/><\/figure>\n\n\n\n<h3 class=\"wp-block-heading has-text-align-center\">3. Accompagnement<\/h3>\n\n\n\n<p class=\"has-text-align-center\">\u00e0 la mise en \u0153uvre de votre plan de communication<\/p>\n<\/div>\n<\/div>\n\n\n\n<h2 class=\"wp-block-heading\">Mon petit + : un r\u00e9seau d&rsquo;experts<\/h2>\n\n\n\n<p>Selon votre souhait, la mise en \u0153uvre du plan de communication peut \u00eatre r\u00e9alis\u00e9e en collaboration avec un r\u00e9seau de partenaires privil\u00e9gi\u00e9s, ayant une vision innovante de la communication et une solide exp\u00e9rience du secteur public : graphistes sp\u00e9cialis\u00e9s, photographes, d\u00e9veloppeurs web, imprimeurs.<\/p>\n\n\n\n<div class=\"wp-block-buttons is-content-justification-center is-layout-flex wp-container-core-buttons-is-layout-a89b3969 wp-block-buttons-is-layout-flex\">\n<div class=\"wp-block-button\"><a class=\"wp-block-button__link wp-element-button\" href=\"https:\/\/elise-roy.fr\/index.php\/contact\/\">Prenez rendez-vous<\/a><\/div>\n<\/div>\n\n\n\n<div style=\"height:100px\" aria-hidden=\"true\" class=\"wp-block-spacer\"><\/div>\n","protected":false},"excerpt":{"rendered":"<p>Collectivit\u00e9s et \u00e9tablissements publics Avec plus de 10 ans d\u2019exp\u00e9rience au sein de collectivit\u00e9s territoriales et \u00e9tablissements publics, je vous accompagne dans la mise en valeur de votre territoire et de vos services au citoyen (am\u00e9nagement, enfance, culture, sport, transition \u00e9cologique, citoyennet\u00e9&#8230;). Ind\u00e9pendants, TPE et PME Avec plus de 5 ans d\u2019exp\u00e9rience au sein d\u2019entreprises &hellip; <\/p>\n<p class=\"link-more\"><a href=\"https:\/\/elise-roy.fr\/index.php\/votre-communication\/conseil-en-communication\/\" class=\"more-link\">Lire la suite de<span class=\"screen-reader-text\">\u00ab\u00a0Conseil en communication\u00a0\u00bb<\/span><\/a><\/p>\n","protected":false},"author":1,"featured_media":0,"parent":28,"menu_order":0,"comment_status":"closed","ping_status":"closed","template":"","meta":{"om_disable_all_campaigns":false,"_uf_show_specific_survey":0,"_uf_disable_surveys":false,"_vp_format_video_url":"","_vp_image_focal_point":[],"_joinchat":[],"footnotes":""},"class_list":["post-90","page","type-page","status-publish","hentry"],"aioseo_notices":[],"_links":{"self":[{"href":"https:\/\/elise-roy.fr\/index.php\/wp-json\/wp\/v2\/pages\/90","targetHints":{"allow":["GET"]}}],"collection":[{"href":"https:\/\/elise-roy.fr\/index.php\/wp-json\/wp\/v2\/pages"}],"about":[{"href":"https:\/\/elise-roy.fr\/index.php\/wp-json\/wp\/v2\/types\/page"}],"author":[{"embeddable":true,"href":"https:\/\/elise-roy.fr\/index.php\/wp-json\/wp\/v2\/users\/1"}],"replies":[{"embeddable":true,"href":"https:\/\/elise-roy.fr\/index.php\/wp-json\/wp\/v2\/comments?post=90"}],"version-history":[{"count":15,"href":"https:\/\/elise-roy.fr\/index.php\/wp-json\/wp\/v2\/pages\/90\/revisions"}],"predecessor-version":[{"id":365,"href":"https:\/\/elise-roy.fr\/index.php\/wp-json\/wp\/v2\/pages\/90\/revisions\/365"}],"up":[{"embeddable":true,"href":"https:\/\/elise-roy.fr\/index.php\/wp-json\/wp\/v2\/pages\/28"}],"wp:attachment":[{"href":"https:\/\/elise-roy.fr\/index.php\/wp-json\/wp\/v2\/media?parent=90"}],"curies":[{"name":"wp","href":"https:\/\/api.w.org\/{rel}","templated":true}]}}