{"id":453,"date":"2025-09-09T10:34:30","date_gmt":"2025-09-09T08:34:30","guid":{"rendered":"https:\/\/elise-roy.fr\/?page_id=453"},"modified":"2025-09-11T12:17:04","modified_gmt":"2025-09-11T10:17:04","slug":"formation","status":"publish","type":"page","link":"https:\/\/elise-roy.fr\/index.php\/votre-communication\/formation\/","title":{"rendered":"Formation"},"content":{"rendered":"\n<figure class=\"wp-block-image aligncenter size-full\"><img loading=\"lazy\" decoding=\"async\" width=\"2560\" height=\"1148\" src=\"http:\/\/elise-roy.fr\/wp-content\/uploads\/2025\/08\/femme-blonde-avec-une-coiffure-elegante-en-tapant-du-texte-sur-le-clavier-au-bureau-portrait-interieur-d-employes-internationaux-avec-secretaire-a-l-aide-d-un-ordinateur-portable-2-scaled-e1757407578466.jpg\" alt=\"\" class=\"wp-image-457\" style=\"object-fit:cover\" srcset=\"https:\/\/elise-roy.fr\/wp-content\/uploads\/2025\/08\/femme-blonde-avec-une-coiffure-elegante-en-tapant-du-texte-sur-le-clavier-au-bureau-portrait-interieur-d-employes-internationaux-avec-secretaire-a-l-aide-d-un-ordinateur-portable-2-scaled-e1757407578466.jpg 2560w, https:\/\/elise-roy.fr\/wp-content\/uploads\/2025\/08\/femme-blonde-avec-une-coiffure-elegante-en-tapant-du-texte-sur-le-clavier-au-bureau-portrait-interieur-d-employes-internationaux-avec-secretaire-a-l-aide-d-un-ordinateur-portable-2-scaled-e1757407578466-300x135.jpg 300w, https:\/\/elise-roy.fr\/wp-content\/uploads\/2025\/08\/femme-blonde-avec-une-coiffure-elegante-en-tapant-du-texte-sur-le-clavier-au-bureau-portrait-interieur-d-employes-internationaux-avec-secretaire-a-l-aide-d-un-ordinateur-portable-2-scaled-e1757407578466-1024x459.jpg 1024w, https:\/\/elise-roy.fr\/wp-content\/uploads\/2025\/08\/femme-blonde-avec-une-coiffure-elegante-en-tapant-du-texte-sur-le-clavier-au-bureau-portrait-interieur-d-employes-internationaux-avec-secretaire-a-l-aide-d-un-ordinateur-portable-2-scaled-e1757407578466-2000x897.jpg 2000w, https:\/\/elise-roy.fr\/wp-content\/uploads\/2025\/08\/femme-blonde-avec-une-coiffure-elegante-en-tapant-du-texte-sur-le-clavier-au-bureau-portrait-interieur-d-employes-internationaux-avec-secretaire-a-l-aide-d-un-ordinateur-portable-2-scaled-e1757407578466-768x344.jpg 768w, https:\/\/elise-roy.fr\/wp-content\/uploads\/2025\/08\/femme-blonde-avec-une-coiffure-elegante-en-tapant-du-texte-sur-le-clavier-au-bureau-portrait-interieur-d-employes-internationaux-avec-secretaire-a-l-aide-d-un-ordinateur-portable-2-scaled-e1757407578466-1536x689.jpg 1536w, https:\/\/elise-roy.fr\/wp-content\/uploads\/2025\/08\/femme-blonde-avec-une-coiffure-elegante-en-tapant-du-texte-sur-le-clavier-au-bureau-portrait-interieur-d-employes-internationaux-avec-secretaire-a-l-aide-d-un-ordinateur-portable-2-scaled-e1757407578466-2048x918.jpg 2048w, https:\/\/elise-roy.fr\/wp-content\/uploads\/2025\/08\/femme-blonde-avec-une-coiffure-elegante-en-tapant-du-texte-sur-le-clavier-au-bureau-portrait-interieur-d-employes-internationaux-avec-secretaire-a-l-aide-d-un-ordinateur-portable-2-scaled-e1757407578466-500x224.jpg 500w, https:\/\/elise-roy.fr\/wp-content\/uploads\/2025\/08\/femme-blonde-avec-une-coiffure-elegante-en-tapant-du-texte-sur-le-clavier-au-bureau-portrait-interieur-d-employes-internationaux-avec-secretaire-a-l-aide-d-un-ordinateur-portable-2-scaled-e1757407578466-800x359.jpg 800w, https:\/\/elise-roy.fr\/wp-content\/uploads\/2025\/08\/femme-blonde-avec-une-coiffure-elegante-en-tapant-du-texte-sur-le-clavier-au-bureau-portrait-interieur-d-employes-internationaux-avec-secretaire-a-l-aide-d-un-ordinateur-portable-2-scaled-e1757407578466-1280x574.jpg 1280w, https:\/\/elise-roy.fr\/wp-content\/uploads\/2025\/08\/femme-blonde-avec-une-coiffure-elegante-en-tapant-du-texte-sur-le-clavier-au-bureau-portrait-interieur-d-employes-internationaux-avec-secretaire-a-l-aide-d-un-ordinateur-portable-2-scaled-e1757407578466-1920x861.jpg 1920w\" sizes=\"auto, (max-width: 2560px) 100vw, 2560px\" \/><\/figure>\n\n\n\n<p class=\"has-text-align-left\"><strong>Se former, c\u2019est aussi se r\u00e9v\u00e9ler.<\/strong> Chaque jour, vous communiquez. Il vous suffit juste de ma\u00eetriser les comp\u00e9tences-cl\u00e9s pour vous adresser \u00e0 votre public, \u00e0 l&rsquo;\u00e9crit comme \u00e0 l&rsquo;oral.<br>Former, inspirer, et faire briller une parole pleine de sens : voil\u00e0 ce qui me motive chaque jour. Gr\u00e2ce \u00e0 des ann\u00e9es d\u2019exp\u00e9rience en entreprise et sur le terrain, mes formations sont concr\u00e8tes, dynamiques et surtout utiles. Elles vous aideront \u00e0 mieux comprendre vos clients\u2026 mais aussi \u00e0 mieux vous comprendre vous-m\u00eame. Ces formations sont propos\u00e9es en \u00e9cole de commerce et dans des entreprises o\u00f9 j\u2019interviens en tant que formatrice.<\/p>\n\n\n\n<div class=\"wp-block-columns has-lightgrey-background-color has-background is-layout-flex wp-container-core-columns-is-layout-28f84493 wp-block-columns-is-layout-flex\">\n<div class=\"wp-block-column is-layout-flow wp-block-column-is-layout-flow\">\n<figure class=\"wp-block-image size-full wp-duotone-unset-1\"><img loading=\"lazy\" decoding=\"async\" width=\"500\" height=\"333\" src=\"https:\/\/elise-roy.fr\/wp-content\/uploads\/2025\/09\/form_com_orale.jpg\" alt=\"\" class=\"wp-image-479\" srcset=\"https:\/\/elise-roy.fr\/wp-content\/uploads\/2025\/09\/form_com_orale.jpg 500w, https:\/\/elise-roy.fr\/wp-content\/uploads\/2025\/09\/form_com_orale-300x200.jpg 300w\" sizes=\"auto, (max-width: 500px) 100vw, 500px\" \/><\/figure>\n\n\n\n<h3 class=\"wp-block-heading has-text-align-center\">\ud83d\udcac<strong> Communication orale<\/strong> <\/h3>\n\n\n\n<p class=\"has-text-align-center\">Apprendre \u00e0 parler avec impact, \u00e0 faire passer vos id\u00e9es clairement, \u00e0 captiver un auditoire\u2026 m\u00eame avec le langage du corps !<\/p>\n<\/div>\n\n\n\n<div class=\"wp-block-column is-layout-flow wp-block-column-is-layout-flow\">\n<figure class=\"wp-block-image size-full\"><img loading=\"lazy\" decoding=\"async\" width=\"500\" height=\"334\" src=\"https:\/\/elise-roy.fr\/wp-content\/uploads\/2025\/09\/form_com_ecrite.jpg\" alt=\"\" class=\"wp-image-480\" srcset=\"https:\/\/elise-roy.fr\/wp-content\/uploads\/2025\/09\/form_com_ecrite.jpg 500w, https:\/\/elise-roy.fr\/wp-content\/uploads\/2025\/09\/form_com_ecrite-300x200.jpg 300w\" sizes=\"auto, (max-width: 500px) 100vw, 500px\" \/><\/figure>\n\n\n\n<h3 class=\"wp-block-heading has-text-align-center\"><strong>\ud83d\udcdd Communication \u00e9crite<\/strong><\/h3>\n\n\n\n<p class=\"has-text-align-center\">Cr\u00e9er des supports qui vous ressemblent et qui marquent les esprits (flyers, page internet, contenus r\u00e9dactionnels\u2026).<\/p>\n<\/div>\n\n\n\n<div class=\"wp-block-column is-layout-flow wp-block-column-is-layout-flow\">\n<figure class=\"wp-block-image size-full\"><img loading=\"lazy\" decoding=\"async\" width=\"500\" height=\"334\" src=\"https:\/\/elise-roy.fr\/wp-content\/uploads\/2025\/09\/form_com_digitale.jpg\" alt=\"\" class=\"wp-image-481\" srcset=\"https:\/\/elise-roy.fr\/wp-content\/uploads\/2025\/09\/form_com_digitale.jpg 500w, https:\/\/elise-roy.fr\/wp-content\/uploads\/2025\/09\/form_com_digitale-300x200.jpg 300w\" sizes=\"auto, (max-width: 500px) 100vw, 500px\" \/><\/figure>\n\n\n\n<h3 class=\"wp-block-heading has-text-align-center\"> \ud83c\udf10 Communication digitale <\/h3>\n\n\n\n<p class=\"has-text-align-center\"> Comprendre les codes du web, r\u00e9diger pour \u00eatre vu, faire des posts originaux et efficaces sur les r\u00e9seaux sociaux, apprendre les bases du SEO pour remonter sur Google\u2026 bref, sortir du lot !<\/p>\n<\/div>\n\n\n\n<div class=\"wp-block-column is-layout-flow wp-block-column-is-layout-flow\">\n<figure class=\"wp-block-image size-full\"><img loading=\"lazy\" decoding=\"async\" width=\"500\" height=\"333\" src=\"https:\/\/elise-roy.fr\/wp-content\/uploads\/2025\/09\/form_plan_com.jpg\" alt=\"\" class=\"wp-image-482\" srcset=\"https:\/\/elise-roy.fr\/wp-content\/uploads\/2025\/09\/form_plan_com.jpg 500w, https:\/\/elise-roy.fr\/wp-content\/uploads\/2025\/09\/form_plan_com-300x200.jpg 300w\" sizes=\"auto, (max-width: 500px) 100vw, 500px\" \/><\/figure>\n\n\n\n<h3 class=\"wp-block-heading has-text-align-center\">\ud83d\udcc5 \u00c9laboration d\u2019un plan de communication<\/h3>\n\n\n\n<p class=\"has-text-align-center\">Choisir les bons outils, planifier les actions, atteindre votre public au bon moment, avec le bon message.<\/p>\n<\/div>\n<\/div>\n\n\n\n<h2 class=\"wp-block-heading\">Pourquoi me faire confiance ?<\/h2>\n\n\n\n<p>Parce que je ne propose pas de formations \u00ab toutes faites \u00bb. Je m\u2019inspire de vos exp\u00e9riences et comp\u00e9tences acquises pour vous concocter des contenus vivants, percutants et adapt\u00e9s \u00e0 vos besoins. Je continue moi-m\u00eame \u00e0 me former r\u00e9guli\u00e8rement, par passion mais aussi pour que mes formations soient toujours \u00e0 la hauteur de vos attentes (et m\u00eame un peu plus).<br>Un seul objectif : que vous ressortiez grandis, motiv\u00e9s et pr\u00eats \u00e0 faire rayonner votre communication.<\/p>\n\n\n\n<h2 class=\"wp-block-heading\">Mon d\u00e9clic ? L\u2019envie de transmettre.<\/h2>\n\n\n\n<p>L\u2019id\u00e9e de former m\u2019est venue tout naturellement : j\u2019ai eu envie de partager tout ce que j\u2019ai appris au fil des ann\u00e9es, en communication comme en entreprise. Ces comp\u00e9tences ne sont pas r\u00e9serv\u00e9es aux communicants, elles sont utiles pour tout le monde : RH, managers, ind\u00e9pendants, \u00e9tudiants\u2026 Ce que j\u2019aime par-dessus tout ? Faire na\u00eetre des d\u00e9clics, susciter des vocations, et transmettre cette passion pour un m\u00e9tier riche, humain et impactant. Quel que soit votre niveau, d\u00e9butant\u00b7e ou d\u00e9j\u00e0 \u00e0 l\u2019aise, je suis l\u00e0 pour vous accompagner avec bienveillance et bonne humeur.<\/p>\n\n\n\n<blockquote class=\"wp-block-quote is-layout-flow wp-block-quote-is-layout-flow\">\n<p>On ne na\u00eet pas bon communicant\u2026 on le devient ! <\/p>\n<\/blockquote>\n\n\n\n<p>Mon objectif : vous faire briller dans votre communication. Je suis l\u00e0 pour vous aider \u00e0 prendre confiance, \u00e0 d\u00e9velopper vos comp\u00e9tences et \u00e0 oser vous exprimer pleinement.<\/p>\n\n\n\n<hr class=\"wp-block-separator has-alpha-channel-opacity\"\/>\n\n\n\n<h2 class=\"wp-block-heading has-text-align-center\">Formations en communication<\/h2>\n\n\n\n<div class=\"wp-block-columns is-layout-flex wp-container-core-columns-is-layout-28f84493 wp-block-columns-is-layout-flex\">\n<div class=\"wp-block-column is-layout-flow wp-block-column-is-layout-flow\">\n<figure class=\"wp-block-image size-full wp-duotone-unset-2\"><img loading=\"lazy\" decoding=\"async\" width=\"500\" height=\"333\" src=\"https:\/\/elise-roy.fr\/wp-content\/uploads\/2025\/09\/form_com_orale.jpg\" alt=\"\" class=\"wp-image-479\" srcset=\"https:\/\/elise-roy.fr\/wp-content\/uploads\/2025\/09\/form_com_orale.jpg 500w, https:\/\/elise-roy.fr\/wp-content\/uploads\/2025\/09\/form_com_orale-300x200.jpg 300w\" sizes=\"auto, (max-width: 500px) 100vw, 500px\" \/><\/figure>\n<\/div>\n\n\n\n<div class=\"wp-block-column is-layout-flow wp-block-column-is-layout-flow\">\n<figure class=\"wp-block-image size-full\"><img loading=\"lazy\" decoding=\"async\" width=\"500\" height=\"334\" src=\"https:\/\/elise-roy.fr\/wp-content\/uploads\/2025\/09\/form_com_ecrite.jpg\" alt=\"\" class=\"wp-image-480\" srcset=\"https:\/\/elise-roy.fr\/wp-content\/uploads\/2025\/09\/form_com_ecrite.jpg 500w, https:\/\/elise-roy.fr\/wp-content\/uploads\/2025\/09\/form_com_ecrite-300x200.jpg 300w\" sizes=\"auto, (max-width: 500px) 100vw, 500px\" \/><\/figure>\n<\/div>\n\n\n\n<div class=\"wp-block-column is-layout-flow wp-block-column-is-layout-flow\">\n<figure class=\"wp-block-image size-full\"><img loading=\"lazy\" decoding=\"async\" width=\"500\" height=\"334\" src=\"https:\/\/elise-roy.fr\/wp-content\/uploads\/2025\/09\/form_com_digitale.jpg\" alt=\"\" class=\"wp-image-481\" srcset=\"https:\/\/elise-roy.fr\/wp-content\/uploads\/2025\/09\/form_com_digitale.jpg 500w, https:\/\/elise-roy.fr\/wp-content\/uploads\/2025\/09\/form_com_digitale-300x200.jpg 300w\" sizes=\"auto, (max-width: 500px) 100vw, 500px\" \/><\/figure>\n<\/div>\n\n\n\n<div class=\"wp-block-column is-layout-flow wp-block-column-is-layout-flow\">\n<figure class=\"wp-block-image size-full\"><img loading=\"lazy\" decoding=\"async\" width=\"500\" height=\"333\" src=\"https:\/\/elise-roy.fr\/wp-content\/uploads\/2025\/09\/form_plan_com.jpg\" alt=\"\" class=\"wp-image-482\" srcset=\"https:\/\/elise-roy.fr\/wp-content\/uploads\/2025\/09\/form_plan_com.jpg 500w, https:\/\/elise-roy.fr\/wp-content\/uploads\/2025\/09\/form_plan_com-300x200.jpg 300w\" sizes=\"auto, (max-width: 500px) 100vw, 500px\" \/><\/figure>\n<\/div>\n<\/div>\n\n\n\n<p>\ud83d\udcac<mark style=\"background-color:rgba(0, 0, 0, 0);color:#661a66\" class=\"has-inline-color\"> Communication orale<\/mark> : apprendre \u00e0 parler avec impact, \u00e0 faire passer vos id\u00e9es clairement, \u00e0 captiver un auditoire\u2026 m\u00eame avec le langage du corps !<br>\ud83d\udcdd<mark style=\"background-color:rgba(0, 0, 0, 0);color:#661a66\" class=\"has-inline-color\"> Communication \u00e9crite<\/mark> : cr\u00e9er des supports qui vous ressemblent et qui marquent les esprits (flyers, affiches, presse, contenus r\u00e9dactionnels\u2026).<br>\ud83c\udf10 <mark style=\"background-color:rgba(0, 0, 0, 0);color:#661a66\" class=\"has-inline-color\">Communication digitale<\/mark> : comprendre les codes du web, r\u00e9diger pour \u00eatre vu, faire des postes originaux et efficaces sur les r\u00e9seaux sociaux, apprendre les bases du SEO pour remonter sur Google\u2026 bref, sortir du lot !<br>\ud83d\udcc5 <mark style=\"background-color:rgba(0, 0, 0, 0);color:#661a66\" class=\"has-inline-color\">\u00c9laboration d\u2019un plan de communication<\/mark> : choisir les bons outils, planifier les actions, atteindre votre public au bon moment, avec le bon message.<\/p>\n\n\n\n<p><strong>Vous souhaitez une formation sur-mesure ?<br><\/strong>Vous perfectionner sur un sujet compl\u00e9mentaire au catalogue ?<br>Je propose \u00e9galement des formations personnalis\u00e9es, discutons-en.<\/p>\n\n\n\n<div class=\"wp-block-buttons is-content-justification-center is-layout-flex wp-container-core-buttons-is-layout-a89b3969 wp-block-buttons-is-layout-flex\">\n<div class=\"wp-block-button\"><a class=\"wp-block-button__link wp-element-button\" href=\"https:\/\/elise-roy.fr\/index.php\/contact\/\">Devis gratuit<\/a><\/div>\n<\/div>\n","protected":false},"excerpt":{"rendered":"<p>Se former, c\u2019est aussi se r\u00e9v\u00e9ler. Chaque jour, vous communiquez. Il vous suffit juste de ma\u00eetriser les comp\u00e9tences-cl\u00e9s pour vous adresser \u00e0 votre public, \u00e0 l&rsquo;\u00e9crit comme \u00e0 l&rsquo;oral.Former, inspirer, et faire briller une parole pleine de sens : voil\u00e0 ce qui me motive chaque jour. Gr\u00e2ce \u00e0 des ann\u00e9es d\u2019exp\u00e9rience en entreprise et sur &hellip; <\/p>\n<p class=\"link-more\"><a href=\"https:\/\/elise-roy.fr\/index.php\/votre-communication\/formation\/\" class=\"more-link\">Lire la suite de<span class=\"screen-reader-text\">\u00ab\u00a0Formation\u00a0\u00bb<\/span><\/a><\/p>\n","protected":false},"author":1,"featured_media":0,"parent":28,"menu_order":0,"comment_status":"closed","ping_status":"closed","template":"","meta":{"om_disable_all_campaigns":false,"_uf_show_specific_survey":0,"_uf_disable_surveys":false,"_vp_format_video_url":"","_vp_image_focal_point":[],"_joinchat":[],"footnotes":""},"class_list":["post-453","page","type-page","status-publish","hentry"],"aioseo_notices":[],"_links":{"self":[{"href":"https:\/\/elise-roy.fr\/index.php\/wp-json\/wp\/v2\/pages\/453","targetHints":{"allow":["GET"]}}],"collection":[{"href":"https:\/\/elise-roy.fr\/index.php\/wp-json\/wp\/v2\/pages"}],"about":[{"href":"https:\/\/elise-roy.fr\/index.php\/wp-json\/wp\/v2\/types\/page"}],"author":[{"embeddable":true,"href":"https:\/\/elise-roy.fr\/index.php\/wp-json\/wp\/v2\/users\/1"}],"replies":[{"embeddable":true,"href":"https:\/\/elise-roy.fr\/index.php\/wp-json\/wp\/v2\/comments?post=453"}],"version-history":[{"count":22,"href":"https:\/\/elise-roy.fr\/index.php\/wp-json\/wp\/v2\/pages\/453\/revisions"}],"predecessor-version":[{"id":493,"href":"https:\/\/elise-roy.fr\/index.php\/wp-json\/wp\/v2\/pages\/453\/revisions\/493"}],"up":[{"embeddable":true,"href":"https:\/\/elise-roy.fr\/index.php\/wp-json\/wp\/v2\/pages\/28"}],"wp:attachment":[{"href":"https:\/\/elise-roy.fr\/index.php\/wp-json\/wp\/v2\/media?parent=453"}],"curies":[{"name":"wp","href":"https:\/\/api.w.org\/{rel}","templated":true}]}}