{"id":28,"date":"2024-01-30T09:40:33","date_gmt":"2024-01-30T08:40:33","guid":{"rendered":"https:\/\/elise-roy.fr\/?page_id=28"},"modified":"2024-01-31T15:49:42","modified_gmt":"2024-01-31T14:49:42","slug":"votre-communication","status":"publish","type":"page","link":"https:\/\/elise-roy.fr\/index.php\/votre-communication\/","title":{"rendered":"Votre communication"},"content":{"rendered":"\n<p><strong>Vous voulez donner envie \u00e0 votre public de vous contacter ? Vous souhaitez une image professionnelle qui v\u00e9hicule vos valeurs ? Vous avez besoin d\u2019un regard innovant et \u00e9co-responsable sur votre communication ?<\/strong><\/p>\n\n\n\n<p>Consultante en communication bas\u00e9e \u00e0 Chalonnes-sur-Loire, pr\u00e8s d\u2019Angers et Cholet, je cr\u00e9e pour vous les outils qui mettent en valeur vos produits, services et projets de territoire.<\/p>\n\n\n\n<div class=\"wp-block-columns is-layout-flex wp-container-core-columns-is-layout-28f84493 wp-block-columns-is-layout-flex\">\n<div class=\"wp-block-column is-layout-flow wp-block-column-is-layout-flow\">\n<figure class=\"wp-block-image aligncenter size-full is-resized\"><img loading=\"lazy\" decoding=\"async\" width=\"512\" height=\"512\" src=\"http:\/\/elise-roy.fr\/wp-content\/uploads\/2024\/01\/dessin.png\" alt=\"\" class=\"wp-image-69\" style=\"width:222px;height:auto\" srcset=\"https:\/\/elise-roy.fr\/wp-content\/uploads\/2024\/01\/dessin.png 512w, https:\/\/elise-roy.fr\/wp-content\/uploads\/2024\/01\/dessin-300x300.png 300w, https:\/\/elise-roy.fr\/wp-content\/uploads\/2024\/01\/dessin-150x150.png 150w, https:\/\/elise-roy.fr\/wp-content\/uploads\/2024\/01\/dessin-500x500.png 500w\" sizes=\"auto, (max-width: 512px) 100vw, 512px\" \/><\/figure>\n\n\n\n<h2 class=\"wp-block-heading has-text-align-center\">Cr\u00e9ation<\/h2>\n\n\n\n<p class=\"has-text-align-center\">Logos, flyers, sites internet\u2026 du graphisme et du web pour exprimer votre vraie nature.<\/p>\n\n\n\n<div class=\"wp-block-buttons is-content-justification-center is-layout-flex wp-container-core-buttons-is-layout-a89b3969 wp-block-buttons-is-layout-flex\">\n<div class=\"wp-block-button\"><a class=\"wp-block-button__link wp-element-button\">En savoir plus<\/a><\/div>\n<\/div>\n<\/div>\n\n\n\n<div class=\"wp-block-column is-layout-flow wp-block-column-is-layout-flow\">\n<figure class=\"wp-block-image aligncenter size-full is-resized\"><img loading=\"lazy\" decoding=\"async\" width=\"512\" height=\"512\" src=\"http:\/\/elise-roy.fr\/wp-content\/uploads\/2024\/01\/conseils.png\" alt=\"\" class=\"wp-image-70\" style=\"width:222px;height:auto\" srcset=\"https:\/\/elise-roy.fr\/wp-content\/uploads\/2024\/01\/conseils.png 512w, https:\/\/elise-roy.fr\/wp-content\/uploads\/2024\/01\/conseils-300x300.png 300w, https:\/\/elise-roy.fr\/wp-content\/uploads\/2024\/01\/conseils-150x150.png 150w, https:\/\/elise-roy.fr\/wp-content\/uploads\/2024\/01\/conseils-500x500.png 500w\" sizes=\"auto, (max-width: 512px) 100vw, 512px\" \/><\/figure>\n\n\n\n<h2 class=\"wp-block-heading has-text-align-center\">Conseil<\/h2>\n\n\n\n<p class=\"has-text-align-center\">Plan de communication, strat\u00e9gie digitale, ligne \u00e9ditoriale\u2026 pour atteindre vos objectifs.<\/p>\n\n\n\n<div class=\"wp-block-buttons is-content-justification-center is-layout-flex wp-container-core-buttons-is-layout-a89b3969 wp-block-buttons-is-layout-flex\">\n<div class=\"wp-block-button\"><a class=\"wp-block-button__link wp-element-button\">En savoir plus<\/a><\/div>\n<\/div>\n<\/div>\n\n\n\n<div class=\"wp-block-column is-layout-flow wp-block-column-is-layout-flow\">\n<figure class=\"wp-block-image aligncenter size-full is-resized\"><img loading=\"lazy\" decoding=\"async\" width=\"512\" height=\"512\" src=\"http:\/\/elise-roy.fr\/wp-content\/uploads\/2024\/01\/bonjour.png\" alt=\"\" class=\"wp-image-71\" style=\"width:223px;height:auto\" srcset=\"https:\/\/elise-roy.fr\/wp-content\/uploads\/2024\/01\/bonjour.png 512w, https:\/\/elise-roy.fr\/wp-content\/uploads\/2024\/01\/bonjour-300x300.png 300w, https:\/\/elise-roy.fr\/wp-content\/uploads\/2024\/01\/bonjour-150x150.png 150w, https:\/\/elise-roy.fr\/wp-content\/uploads\/2024\/01\/bonjour-500x500.png 500w\" sizes=\"auto, (max-width: 512px) 100vw, 512px\" \/><\/figure>\n\n\n\n<h2 class=\"wp-block-heading has-text-align-center\">Traduction<\/h2>\n\n\n\n<p class=\"has-text-align-center\">Anglais \u2013 italien : je traduis vos documents, pages de site internet, publications\u2026<\/p>\n\n\n\n<div class=\"wp-block-buttons is-content-justification-center is-layout-flex wp-container-core-buttons-is-layout-a89b3969 wp-block-buttons-is-layout-flex\">\n<div class=\"wp-block-button\"><a class=\"wp-block-button__link wp-element-button\">En savoir plus<\/a><\/div>\n<\/div>\n<\/div>\n<\/div>\n","protected":false},"excerpt":{"rendered":"<p>Vous voulez donner envie \u00e0 votre public de vous contacter ? Vous souhaitez une image professionnelle qui v\u00e9hicule vos valeurs ? Vous avez besoin d\u2019un regard innovant et \u00e9co-responsable sur votre communication ? Consultante en communication bas\u00e9e \u00e0 Chalonnes-sur-Loire, pr\u00e8s d\u2019Angers et Cholet, je cr\u00e9e pour vous les outils qui mettent en valeur vos produits, &hellip; <\/p>\n<p class=\"link-more\"><a href=\"https:\/\/elise-roy.fr\/index.php\/votre-communication\/\" class=\"more-link\">Lire la suite de<span class=\"screen-reader-text\">\u00ab\u00a0Votre communication\u00a0\u00bb<\/span><\/a><\/p>\n","protected":false},"author":1,"featured_media":0,"parent":0,"menu_order":0,"comment_status":"closed","ping_status":"closed","template":"","meta":{"om_disable_all_campaigns":false,"_uf_show_specific_survey":0,"_uf_disable_surveys":false,"_vp_format_video_url":"","_vp_image_focal_point":[],"_joinchat":[],"footnotes":""},"class_list":["post-28","page","type-page","status-publish","hentry"],"aioseo_notices":[],"_links":{"self":[{"href":"https:\/\/elise-roy.fr\/index.php\/wp-json\/wp\/v2\/pages\/28","targetHints":{"allow":["GET"]}}],"collection":[{"href":"https:\/\/elise-roy.fr\/index.php\/wp-json\/wp\/v2\/pages"}],"about":[{"href":"https:\/\/elise-roy.fr\/index.php\/wp-json\/wp\/v2\/types\/page"}],"author":[{"embeddable":true,"href":"https:\/\/elise-roy.fr\/index.php\/wp-json\/wp\/v2\/users\/1"}],"replies":[{"embeddable":true,"href":"https:\/\/elise-roy.fr\/index.php\/wp-json\/wp\/v2\/comments?post=28"}],"version-history":[{"count":2,"href":"https:\/\/elise-roy.fr\/index.php\/wp-json\/wp\/v2\/pages\/28\/revisions"}],"predecessor-version":[{"id":86,"href":"https:\/\/elise-roy.fr\/index.php\/wp-json\/wp\/v2\/pages\/28\/revisions\/86"}],"wp:attachment":[{"href":"https:\/\/elise-roy.fr\/index.php\/wp-json\/wp\/v2\/media?parent=28"}],"curies":[{"name":"wp","href":"https:\/\/api.w.org\/{rel}","templated":true}]}}